{"id":1988,"date":"2023-01-04T12:17:24","date_gmt":"2023-01-04T11:17:24","guid":{"rendered":"http:\/\/miarkazdrowia.infodrome.pl\/?page_id=1988"},"modified":"2025-01-16T19:31:28","modified_gmt":"2025-01-16T18:31:28","slug":"o-metodzie","status":"publish","type":"page","link":"https:\/\/miarkazdrowia.pl\/en\/o-metodzie\/","title":{"rendered":"METODA I FILOZOFIA"},"content":{"rendered":"<div data-elementor-type=\"wp-page\" data-elementor-id=\"1988\" class=\"elementor elementor-1988\" data-elementor-post-type=\"page\">\n\t\t\t\t\t\t<section class=\"elementor-section elementor-top-section elementor-element elementor-element-42b78ed3 elementor-section-full_width elementor-section-height-default elementor-section-height-default\" data-id=\"42b78ed3\" data-element_type=\"section\" data-e-type=\"section\">\n\t\t\t\t\t\t<div class=\"elementor-container elementor-column-gap-default\">\n\t\t\t\t\t<div class=\"elementor-column elementor-col-50 elementor-top-column elementor-element elementor-element-307a1226\" data-id=\"307a1226\" data-element_type=\"column\" data-e-type=\"column\">\n\t\t\t<div class=\"elementor-widget-wrap elementor-element-populated\">\n\t\t\t\t\t\t<div class=\"elementor-element elementor-element-1a3944d7 elementor-invisible elementor-widget elementor-widget-theme-site-logo elementor-widget-image\" data-id=\"1a3944d7\" data-element_type=\"widget\" data-e-type=\"widget\" data-settings=\"{&quot;_animation&quot;:&quot;zoomIn&quot;}\" data-widget_type=\"theme-site-logo.default\">\n\t\t\t\t<div class=\"elementor-widget-container\">\n\t\t\t\t\t\t\t\t\t\t\t<a href=\"https:\/\/miarkazdrowia.pl\/en\">\n\t\t\t<img fetchpriority=\"high\" decoding=\"async\" width=\"399\" height=\"133\" src=\"https:\/\/miarkazdrowia.pl\/wp-content\/uploads\/2015\/05\/cropped-mz.png\" class=\"attachment-full size-full wp-image-1047\" alt=\"\" srcset=\"\" sizes=\"(max-width: 399px) 100vw, 399px\" \/>\t\t\t\t<\/a>\n\t\t\t\t\t\t\t\t\t\t\t<\/div>\n\t\t\t\t<\/div>\n\t\t\t\t\t<\/div>\n\t\t<\/div>\n\t\t\t\t<div class=\"elementor-column elementor-col-50 elementor-top-column elementor-element elementor-element-407601f5\" data-id=\"407601f5\" data-element_type=\"column\" data-e-type=\"column\">\n\t\t\t<div class=\"elementor-widget-wrap elementor-element-populated\">\n\t\t\t\t\t\t<div class=\"elementor-element elementor-element-24ada994 eael_simple_menu_hamburger_disable_selected_menu_no eael-simple-menu-hamburger-align-right eael-hamburger--tablet elementor-invisible elementor-widget elementor-widget-eael-simple-menu\" data-id=\"24ada994\" data-element_type=\"widget\" data-e-type=\"widget\" data-settings=\"{&quot;_animation&quot;:&quot;fadeInRight&quot;}\" data-widget_type=\"eael-simple-menu.default\">\n\t\t\t\t<div class=\"elementor-widget-container\">\n\t\t\t\t\t<style>\n                        @media screen and (max-width: 1024px) {\n                            .eael-hamburger--tablet {\n                                .eael-simple-menu-horizontal,\n                                .eael-simple-menu-vertical {\n                                    display: none;\n                                }\n                            }\n                            .eael-hamburger--tablet {\n                                .eael-simple-menu-container .eael-simple-menu-toggle {\n                                    display: block;\n                                }\n                            }\n                        }\n                        .eael-simple-menu-container.eael-simple-menu--loading > ul {\n                            display: -webkit-box !important;\n                            display: -ms-flexbox !important;\n                            display: flex !important;\n                            list-style: none !important;\n                        }\n                        .eael-simple-menu-container.eael-simple-menu--loading li ul {\n                            visibility: hidden !important;\n                            opacity: 0 !important;\n                        }\n                    <\/style>            <div data-hamburger-icon=\"&lt;i aria-hidden=&quot;true&quot; class=&quot;fas fa-bars&quot;&gt;&lt;\/i&gt;\" data-indicator-icon=\"&lt;i aria-hidden=&quot;true&quot; class=&quot;fas fa-angle-down&quot;&gt;&lt;\/i&gt;\" data-dropdown-indicator-icon=\"&lt;i class=&quot;fas fa-angle-down&quot;&gt;&lt;\/i&gt;\" class=\"eael-simple-menu-container eael-simple-menu--loading eael-simple-menu-align-left eael-simple-menu-dropdown-align-left preset-1\" data-hamburger-breakpoints=\"{&quot;mobile&quot;:&quot;Mobile Portrait (&gt; 767px)&quot;,&quot;tablet&quot;:&quot;Tablet Portrait (&gt; 1024px)&quot;,&quot;desktop&quot;:&quot;Desktop (&gt; 2400px)&quot;,&quot;none&quot;:&quot;None&quot;}\" data-hamburger-device=\"tablet\">\n                <ul id=\"menu-miarka\" class=\"eael-simple-menu eael-simple-menu-dropdown-animate-to-top eael-simple-menu-indicator eael-simple-menu-horizontal\"><li id=\"menu-item-1556\" class=\"menu-item menu-item-type-post_type menu-item-object-page menu-item-1556\"><a href=\"https:\/\/miarkazdrowia.pl\/en\/o-miarce\/\" class=\"menu-link\">POZNAJMY SI\u0118<\/a><\/li>\n<li id=\"menu-item-1990\" class=\"menu-item menu-item-type-post_type menu-item-object-page menu-item-1990\"><a href=\"https:\/\/miarkazdrowia.pl\/en\/o-metodzie\/\" class=\"menu-link\">METODA I FILOZOFIA<\/a><\/li>\n<li id=\"menu-item-1386\" class=\"menu-item menu-item-type-post_type menu-item-object-page menu-item-1386\"><a href=\"https:\/\/miarkazdrowia.pl\/en\/blog\/\" class=\"menu-link\">BLOG<\/a><\/li>\n<li id=\"menu-item-20\" class=\"menu-item menu-item-type-post_type menu-item-object-page menu-item-20\"><a href=\"https:\/\/miarkazdrowia.pl\/en\/oferta\/\" class=\"menu-link\">SESJE<\/a><\/li>\n<li id=\"menu-item-2006\" class=\"menu-item menu-item-type-post_type menu-item-object-page menu-item-2006\"><a href=\"https:\/\/miarkazdrowia.pl\/en\/kontakt\/\" class=\"menu-link\">CONTACT<\/a><\/li>\n<\/ul>                <button class=\"eael-simple-menu-toggle\">\n                    <span class=\"sr-only\">Hamburger Toggle Menu<\/span>\n                    <i aria-hidden=\"true\" class=\"fas fa-bars\"><\/i>                <\/button>\n            <\/div>\n            \t\t\t\t<\/div>\n\t\t\t\t<\/div>\n\t\t\t\t\t<\/div>\n\t\t<\/div>\n\t\t\t\t\t<\/div>\n\t\t<\/section>\n\t\t\t\t<section class=\"elementor-section elementor-top-section elementor-element elementor-element-7ef56c8 elementor-section-boxed elementor-section-height-default elementor-section-height-default\" data-id=\"7ef56c8\" data-element_type=\"section\" data-e-type=\"section\">\n\t\t\t\t\t\t<div class=\"elementor-container elementor-column-gap-default\">\n\t\t\t\t\t<div class=\"elementor-column elementor-col-100 elementor-top-column elementor-element elementor-element-ad88359\" data-id=\"ad88359\" data-element_type=\"column\" data-e-type=\"column\">\n\t\t\t<div class=\"elementor-widget-wrap\">\n\t\t\t\t\t\t\t<\/div>\n\t\t<\/div>\n\t\t\t\t\t<\/div>\n\t\t<\/section>\n\t\t\t\t<section class=\"elementor-section elementor-top-section elementor-element elementor-element-285aecd1 elementor-section-boxed elementor-section-height-default elementor-section-height-default\" data-id=\"285aecd1\" data-element_type=\"section\" data-e-type=\"section\">\n\t\t\t\t\t\t<div class=\"elementor-container elementor-column-gap-default\">\n\t\t\t\t\t<div class=\"elementor-column elementor-col-33 elementor-top-column elementor-element elementor-element-2823b88\" data-id=\"2823b88\" data-element_type=\"column\" data-e-type=\"column\">\n\t\t\t<div class=\"elementor-widget-wrap elementor-element-populated\">\n\t\t\t\t\t\t<div class=\"elementor-element elementor-element-341fb0e9 elementor-invisible elementor-widget elementor-widget-image\" data-id=\"341fb0e9\" data-element_type=\"widget\" data-e-type=\"widget\" data-settings=\"{&quot;_animation&quot;:&quot;fadeInLeft&quot;}\" data-widget_type=\"image.default\">\n\t\t\t\t<div class=\"elementor-widget-container\">\n\t\t\t\t\t\t\t\t\t\t\t\t\t\t\t<img decoding=\"async\" width=\"396\" height=\"394\" src=\"https:\/\/miarkazdrowia.pl\/wp-content\/uploads\/2015\/05\/ilu5.png\" class=\"attachment-large size-large wp-image-1600\" alt=\"\" srcset=\"https:\/\/miarkazdrowia.pl\/wp-content\/uploads\/2015\/05\/ilu5.png 396w, https:\/\/miarkazdrowia.pl\/wp-content\/uploads\/2015\/05\/ilu5-150x150.png 150w, https:\/\/miarkazdrowia.pl\/wp-content\/uploads\/2015\/05\/ilu5-300x298.png 300w, https:\/\/miarkazdrowia.pl\/wp-content\/uploads\/2015\/05\/ilu5-66x66.png 66w\" sizes=\"(max-width: 396px) 100vw, 396px\" \/>\t\t\t\t\t\t\t\t\t\t\t\t\t\t\t<\/div>\n\t\t\t\t<\/div>\n\t\t\t\t\t<\/div>\n\t\t<\/div>\n\t\t\t\t<div class=\"elementor-column elementor-col-66 elementor-top-column elementor-element elementor-element-65f60b10\" data-id=\"65f60b10\" data-element_type=\"column\" data-e-type=\"column\">\n\t\t\t<div class=\"elementor-widget-wrap elementor-element-populated\">\n\t\t\t\t\t\t<div class=\"elementor-element elementor-element-712ce3c5 elementor-invisible elementor-widget elementor-widget-text-editor\" data-id=\"712ce3c5\" data-element_type=\"widget\" data-e-type=\"widget\" data-settings=\"{&quot;_animation&quot;:&quot;fadeInRight&quot;}\" data-widget_type=\"text-editor.default\">\n\t\t\t\t<div class=\"elementor-widget-container\">\n\t\t\t\t\t\t\t\t\t<p>The foundations of controlled inner cleansing are anatomy, physiology, immunology and biophysics. The method respects the basic assumption of Chinese medicine about the nature of an organism as a system composed of subsystems that is in a dynamic interaction with the environment. In detoxification, we use Joalis preparations that consist of natural plant extracts.<\/p><p>They are carriers of information about the spectral characteristics of a wide range of toxic burden and its placement in the organism. Joalis preparations, as diet supplements, direct the natural immunological resources and help the organism in its self-purification. They are not remedies and do not substitute medications prescribed by your physician.<\/p><p>Controlled inner cleansing is based on the achievements of contemporary physics applied in photography and phonography. Its scientific foundations are also neurology and psychology that underline the role of the healthy brain and mind for the human wellbeing.<\/p>\t\t\t\t\t\t\t\t<\/div>\n\t\t\t\t<\/div>\n\t\t\t\t\t<\/div>\n\t\t<\/div>\n\t\t\t\t\t<\/div>\n\t\t<\/section>\n\t\t\t\t<section class=\"elementor-section elementor-top-section elementor-element elementor-element-b607a5b elementor-section-boxed elementor-section-height-default elementor-section-height-default\" data-id=\"b607a5b\" data-element_type=\"section\" data-e-type=\"section\">\n\t\t\t\t\t\t<div class=\"elementor-container elementor-column-gap-default\">\n\t\t\t\t\t<div class=\"elementor-column elementor-col-100 elementor-top-column elementor-element elementor-element-fa7f771\" data-id=\"fa7f771\" data-element_type=\"column\" data-e-type=\"column\">\n\t\t\t<div class=\"elementor-widget-wrap elementor-element-populated\">\n\t\t\t\t\t\t<div class=\"elementor-element elementor-element-8f31199 animated-slow elementor-widget-divider--view-line elementor-invisible elementor-widget elementor-widget-divider\" data-id=\"8f31199\" data-element_type=\"widget\" data-e-type=\"widget\" data-settings=\"{&quot;_animation&quot;:&quot;fadeIn&quot;,&quot;_animation_delay&quot;:200}\" data-widget_type=\"divider.default\">\n\t\t\t\t<div class=\"elementor-widget-container\">\n\t\t\t\t\t\t\t<div class=\"elementor-divider\">\n\t\t\t<span class=\"elementor-divider-separator\">\n\t\t\t\t\t\t<\/span>\n\t\t<\/div>\n\t\t\t\t\t\t<\/div>\n\t\t\t\t<\/div>\n\t\t\t\t\t<\/div>\n\t\t<\/div>\n\t\t\t\t\t<\/div>\n\t\t<\/section>\n\t\t\t\t<section class=\"elementor-section elementor-top-section elementor-element elementor-element-49aa6207 elementor-section-boxed elementor-section-height-default elementor-section-height-default\" data-id=\"49aa6207\" data-element_type=\"section\" data-e-type=\"section\">\n\t\t\t\t\t\t<div class=\"elementor-container elementor-column-gap-default\">\n\t\t\t\t\t<div class=\"elementor-column elementor-col-33 elementor-top-column elementor-element elementor-element-255c35c\" data-id=\"255c35c\" data-element_type=\"column\" data-e-type=\"column\">\n\t\t\t<div class=\"elementor-widget-wrap elementor-element-populated\">\n\t\t\t\t\t\t<div class=\"elementor-element elementor-element-42a22e49 elementor-invisible elementor-widget elementor-widget-image\" data-id=\"42a22e49\" data-element_type=\"widget\" data-e-type=\"widget\" data-settings=\"{&quot;_animation&quot;:&quot;fadeInLeft&quot;}\" data-widget_type=\"image.default\">\n\t\t\t\t<div class=\"elementor-widget-container\">\n\t\t\t\t\t\t\t\t\t\t\t\t\t\t\t<img decoding=\"async\" width=\"396\" height=\"394\" src=\"https:\/\/miarkazdrowia.pl\/wp-content\/uploads\/2015\/05\/ilu4.png\" class=\"attachment-large size-large wp-image-195\" alt=\"\" srcset=\"https:\/\/miarkazdrowia.pl\/wp-content\/uploads\/2015\/05\/ilu4.png 396w, https:\/\/miarkazdrowia.pl\/wp-content\/uploads\/2015\/05\/ilu4-150x150.png 150w, https:\/\/miarkazdrowia.pl\/wp-content\/uploads\/2015\/05\/ilu4-300x298.png 300w, https:\/\/miarkazdrowia.pl\/wp-content\/uploads\/2015\/05\/ilu4-66x66.png 66w\" sizes=\"(max-width: 396px) 100vw, 396px\" \/>\t\t\t\t\t\t\t\t\t\t\t\t\t\t\t<\/div>\n\t\t\t\t<\/div>\n\t\t\t\t\t<\/div>\n\t\t<\/div>\n\t\t\t\t<div class=\"elementor-column elementor-col-66 elementor-top-column elementor-element elementor-element-7d6d81b3\" data-id=\"7d6d81b3\" data-element_type=\"column\" data-e-type=\"column\">\n\t\t\t<div class=\"elementor-widget-wrap elementor-element-populated\">\n\t\t\t\t\t\t<div class=\"elementor-element elementor-element-2753f4d0 elementor-invisible elementor-widget elementor-widget-text-editor\" data-id=\"2753f4d0\" data-element_type=\"widget\" data-e-type=\"widget\" data-settings=\"{&quot;_animation&quot;:&quot;fadeInRight&quot;}\" data-widget_type=\"text-editor.default\">\n\t\t\t\t<div class=\"elementor-widget-container\">\n\t\t\t\t\t\t\t\t\t<p class=\"translation-block\"><strong>Miarka Zdrowia<\/strong> works with the whole person. Miarka represents the holistic view of an organism. It recognizes its strong interactions with the natural and social environment.<\/p><p class=\"translation-block\"><strong>Miarka Zdrowia<\/strong> promotes caring for your wellbeing by monitoring the level of toxins in your organism and eliminating them. Toxins are the effects of encapsulated emotions, stress and tension, radioactive radiation, toxic compounds, heavy metals, chemicals from food and environment, microorganisms, their toxins, and many other factors.<\/p><p>Eliminating them results in bodily and mental revitalization. This is how you can prevent or eliminate health dysfunctions long before they produce symptoms by which we get aware of our health deficits.<\/p><p class=\"translation-block\">By detoxifying your organism you can maintain healthy body functions with the resulting effectiveness and a sense of balance.<\/p>\t\t\t\t\t\t\t\t<\/div>\n\t\t\t\t<\/div>\n\t\t\t\t\t<\/div>\n\t\t<\/div>\n\t\t\t\t\t<\/div>\n\t\t<\/section>\n\t\t\t\t<\/div>","protected":false},"excerpt":{"rendered":"<p>O MIARCE O METODZIE BLOG CENNIK KONTAKT Metoda kierowanej detoksykacji integruje wiedz\u0119 z zakresu anatomii, fizjologii, immunologii i biofizyki. Opiera si\u0119 na za\u0142o\u017ceniach tradycyjnej medycyny chi\u0144skiej (TCM). W TCM organizm funkcjonuje jako system z\u0142o\u017cony z podsystem\u00f3w, stale pozostaj\u0105c w dynamicznej interakcji ze \u015brodowiskiem. W oparciu o pomiar toksycznych obci\u0105\u017ce\u0144 organizmu dobiera si\u0119 spersonalizowany zestaw preparat\u00f3w [&hellip;]<\/p>\n","protected":false},"author":2,"featured_media":0,"parent":0,"menu_order":0,"comment_status":"closed","ping_status":"closed","template":"","meta":{"site-sidebar-layout":"no-sidebar","site-content-layout":"page-builder","ast-site-content-layout":"full-width-container","site-content-style":"unboxed","site-sidebar-style":"unboxed","ast-global-header-display":"","ast-banner-title-visibility":"","ast-main-header-display":"","ast-hfb-above-header-display":"","ast-hfb-below-header-display":"","ast-hfb-mobile-header-display":"","site-post-title":"disabled","ast-breadcrumbs-content":"","ast-featured-img":"disabled","footer-sml-layout":"","ast-disable-related-posts":"","theme-transparent-header-meta":"default","adv-header-id-meta":"","stick-header-meta":"","header-above-stick-meta":"","header-main-stick-meta":"","header-below-stick-meta":"","astra-migrate-meta-layouts":"set","ast-page-background-enabled":"default","ast-page-background-meta":{"desktop":{"background-color":"var(--ast-global-color-4)","background-image":"","background-repeat":"repeat","background-position":"center center","background-size":"auto","background-attachment":"scroll","background-type":"","background-media":"","overlay-type":"","overlay-color":"","overlay-opacity":"","overlay-gradient":""},"tablet":{"background-color":"","background-image":"","background-repeat":"repeat","background-position":"center center","background-size":"auto","background-attachment":"scroll","background-type":"","background-media":"","overlay-type":"","overlay-color":"","overlay-opacity":"","overlay-gradient":""},"mobile":{"background-color":"","background-image":"","background-repeat":"repeat","background-position":"center center","background-size":"auto","background-attachment":"scroll","background-type":"","background-media":"","overlay-type":"","overlay-color":"","overlay-opacity":"","overlay-gradient":""}},"ast-content-background-meta":{"desktop":{"background-color":"var(--ast-global-color-5)","background-image":"","background-repeat":"repeat","background-position":"center center","background-size":"auto","background-attachment":"scroll","background-type":"","background-media":"","overlay-type":"","overlay-color":"","overlay-opacity":"","overlay-gradient":""},"tablet":{"background-color":"var(--ast-global-color-5)","background-image":"","background-repeat":"repeat","background-position":"center center","background-size":"auto","background-attachment":"scroll","background-type":"","background-media":"","overlay-type":"","overlay-color":"","overlay-opacity":"","overlay-gradient":""},"mobile":{"background-color":"var(--ast-global-color-5)","background-image":"","background-repeat":"repeat","background-position":"center center","background-size":"auto","background-attachment":"scroll","background-type":"","background-media":"","overlay-type":"","overlay-color":"","overlay-opacity":"","overlay-gradient":""}},"footnotes":""},"class_list":["post-1988","page","type-page","status-publish","hentry"],"_links":{"self":[{"href":"https:\/\/miarkazdrowia.pl\/en\/wp-json\/wp\/v2\/pages\/1988","targetHints":{"allow":["GET"]}}],"collection":[{"href":"https:\/\/miarkazdrowia.pl\/en\/wp-json\/wp\/v2\/pages"}],"about":[{"href":"https:\/\/miarkazdrowia.pl\/en\/wp-json\/wp\/v2\/types\/page"}],"author":[{"embeddable":true,"href":"https:\/\/miarkazdrowia.pl\/en\/wp-json\/wp\/v2\/users\/2"}],"replies":[{"embeddable":true,"href":"https:\/\/miarkazdrowia.pl\/en\/wp-json\/wp\/v2\/comments?post=1988"}],"version-history":[{"count":0,"href":"https:\/\/miarkazdrowia.pl\/en\/wp-json\/wp\/v2\/pages\/1988\/revisions"}],"wp:attachment":[{"href":"https:\/\/miarkazdrowia.pl\/en\/wp-json\/wp\/v2\/media?parent=1988"}],"curies":[{"name":"wp","href":"https:\/\/api.w.org\/{rel}","templated":true}]}}